{"id":166,"date":"2018-04-04T11:43:07","date_gmt":"2018-04-04T11:43:07","guid":{"rendered":"http:\/\/www.kkart.sk\/?page_id=166"},"modified":"2022-11-09T16:02:09","modified_gmt":"2022-11-09T16:02:09","slug":"contacts","status":"publish","type":"page","link":"https:\/\/www.kkart.sk\/ja\/\u9023\u7d61\u5148\/","title":{"rendered":"\u9023\u7d61\u5148"},"content":{"rendered":"<div class=\"wpb-content-wrapper\"><div class=\"vc_row wpb_row vc_row-fluid shape_divider_top-none shape_divider_bottom-none\"><div class=\"wpb_column vc_column_container vc_col-sm-12 sc_layouts_column_icons_position_left\"><div class=\"vc_column-inner\"><div class=\"wpb_wrapper\"><div class=\"vc_empty_space\"   style=\"height: 4em\"><span class=\"vc_empty_space_inner\"><\/span><\/div><div class=\"vc_empty_space  hide_on_tablet hide_on_mobile\"   style=\"height: 3em\"><span class=\"vc_empty_space_inner\"><\/span><\/div><div class=\"vc_empty_space  hide_on_notebook hide_on_tablet hide_on_mobile\"   style=\"height: 2.2em\"><span class=\"vc_empty_space_inner\"><\/span><\/div><div id=\"sc_icons_1614298099\" \n\tclass=\"sc_icons sc_icons_default sc_icons_size_medium sc_align_center\"><div class=\"sc_icons_columns_wrap sc_item_columns trx_addons_columns_wrap columns_padding_bottom\"><div class=\"trx_addons_column-1_3\"><div class=\"sc_icons_item sc_icons_item_linked\"><div id=\"sc_icons_1614298099_icon-pin-1\" class=\"sc_icons_icon sc_icon_type_ icon-pin-1\" style=\"color: #ee2224\"><span class=\"sc_icon_type_ icon-pin-1\" style=\"color: #ee2224\"><\/span><\/div><h4 class=\"sc_icons_item_title\"><span>\u4f4f\u6240<\/span><\/h4><div class=\"sc_icons_item_description\"><span>K-KART\u30b9\u30dd\u30fc\u30eb\u3059\u308d<\/span><span>\u30d5\u30a3\u30b8\u30e3\u30b3\u30d5\u30b9\u30ab 41<\/span><span>984 01 \u30eb\u30c1\u30a7\u30cd\u30c4, \u30b9\u30ed\u30d0\u30ad\u30a2\u5171\u548c\u56fd<\/span><\/div><a href=\"https:\/\/goo.gl\/maps\/Pz4bCiUqDv5eCE3C7\"\n\t\t\t\t\tclass=\"sc_icons_item_link\"><\/a><\/div><\/div><div class=\"trx_addons_column-1_3\"><div class=\"sc_icons_item sc_icons_item_linked\"><div id=\"sc_icons_1614298099_icon-email-new\" class=\"sc_icons_icon sc_icon_type_ icon-email-new\" style=\"color: #ee2224\"><span class=\"sc_icon_type_ icon-email-new\" style=\"color: #ee2224\"><\/span><\/div><h4 class=\"sc_icons_item_title\"><span>E\u30e1\u30fc\u30eb<\/span><\/h4><div class=\"sc_icons_item_description\"><span>kkart@kkart.sk<\/span><\/div><a href=\"mailto:kkart@kkart.sk\"\n\t\t\t\t\tclass=\"sc_icons_item_link\"><\/a><\/div><\/div><div class=\"trx_addons_column-1_3\"><div class=\"sc_icons_item sc_icons_item_linked\"><div id=\"sc_icons_1614298099_icon-phone-1\" class=\"sc_icons_icon sc_icon_type_ icon-phone-1\" style=\"color: #ee2224\"><span class=\"sc_icon_type_ icon-phone-1\" style=\"color: #ee2224\"><\/span><\/div><h4 class=\"sc_icons_item_title\"><span>\u96fb\u8a71<\/span><\/h4><div class=\"sc_icons_item_description\"><span> +421 (0)47 43 30 083<\/span><\/div><a href=\"tel:  421 (0)47 43 30 083\"\n\t\t\t\t\tclass=\"sc_icons_item_link\"><\/a><\/div><\/div><\/div><\/div><!-- \/.sc_icons --><div class=\"vc_empty_space\"   style=\"height: 2.7em\"><span class=\"vc_empty_space_inner\"><\/span><\/div><div class=\"vc_empty_space  hide_on_tablet hide_on_mobile\"   style=\"height: 2.5em\"><span class=\"vc_empty_space_inner\"><\/span><\/div><div class=\"vc_empty_space  hide_on_notebook hide_on_tablet hide_on_mobile\"   style=\"height: 2em\"><span class=\"vc_empty_space_inner\"><\/span><\/div><\/div><\/div><\/div><\/div><div data-vc-full-width=\"true\" data-vc-full-width-init=\"false\" data-vc-stretch-content=\"true\" class=\"vc_row wpb_row vc_row-fluid vc_custom_1595328195594 vc_row-has-fill vc_row-no-padding vc_row-o-content-middle vc_row-flex shape_divider_top-none shape_divider_bottom-none\"><div class=\"wpb_column vc_column_container vc_col-sm-12 vc_col-md-6 sc_layouts_column_icons_position_left\"><div class=\"vc_column-inner\"><div class=\"wpb_wrapper\"><div id=\"map_69e9dd3540fa7\" data-instance=\"wwp_gmaps_map_69e9dd3540fa7\" class=\"wwp-vc-gmaps-map wpb_content_element\" style=\"height: 763px; width: 100%; \"><div class=\"map_lock\"><\/div><\/div><div id=\"wwp-gmaps-locations-map_69e9dd3540fa7\"><\/div><\/div><\/div><\/div><div class=\"wpb_column vc_column_container vc_col-sm-12 vc_col-md-6 sc_layouts_column_icons_position_left\"><div class=\"vc_column-inner\"><div class=\"wpb_wrapper\"><div class=\"vc_empty_space\"   style=\"height: 3em\"><span class=\"vc_empty_space_inner\"><\/span><\/div><div class=\"vc_empty_space  hide_on_desktop hide_on_notebook\"   style=\"height: 2em\"><span class=\"vc_empty_space_inner\"><\/span><\/div><div id=\"contact\" class=\"vc_row wpb_row vc_inner vc_row-fluid shape_divider_top-none shape_divider_bottom-none\"><div class=\"wpb_column vc_column_container vc_col-sm-1 vc_col-xs-1 sc_layouts_column_icons_position_left\"><div class=\"vc_column-inner\"><div class=\"wpb_wrapper\"><\/div><\/div><\/div><div class=\"wpb_column vc_column_container vc_col-sm-10 vc_col-lg-6 vc_col-md-10 vc_col-xs-10 sc_layouts_column_icons_position_left\"><div class=\"vc_column-inner\"><div class=\"wpb_wrapper\"><div id=\"sc_title_620907843\"\n\t\tclass=\"sc_title sc_title_default\"><h2 class=\"sc_item_title sc_title_title sc_align_left sc_item_title_style_default\">\u4f55\u304b\u8cea\u554f\u304c\u3042\u308b\uff1f<\/h2><\/div><!-- \/.sc_title --><div class=\"vc_empty_space\"   style=\"height: 1.1em\"><span class=\"vc_empty_space_inner\"><\/span><\/div>\n\t<div class=\"wpb_text_column wpb_content_element\" >\n\t\t<div class=\"wpb_wrapper\">\n\t\t\t\n<div class=\"wpcf7 no-js\" id=\"wpcf7-f247-o1\" lang=\"en-US\" dir=\"ltr\">\n<div class=\"screen-reader-response\"><p role=\"status\" aria-live=\"polite\" aria-atomic=\"true\"><\/p> <ul><\/ul><\/div>\n<form action=\"\/ja\/wp-json\/wp\/v2\/pages\/166#wpcf7-f247-o1\" method=\"post\" class=\"wpcf7-form init\" aria-label=\"\u304a\u554f\u3044\u5408\u308f\u305b\u30d5\u30a9\u30fc\u30e0\" novalidate=\"novalidate\" data-status=\"init\" data-trp-original-action=\"\/ja\/wp-json\/wp\/v2\/pages\/166#wpcf7-f247-o1\">\n<div style=\"display: none;\">\n<input type=\"hidden\" name=\"_wpcf7\" value=\"247\" \/>\n<input type=\"hidden\" name=\"_wpcf7_version\" value=\"5.9.3\" \/>\n<input type=\"hidden\" name=\"_wpcf7_locale\" value=\"en_US\" \/>\n<input type=\"hidden\" name=\"_wpcf7_unit_tag\" value=\"wpcf7-f247-o1\" \/>\n<input type=\"hidden\" name=\"_wpcf7_container_post\" value=\"0\" \/>\n<input type=\"hidden\" name=\"_wpcf7_posted_data_hash\" value=\"\" \/>\n<input type=\"hidden\" name=\"_wpcf7_recaptcha_response\" value=\"\" \/>\n<\/div>\n<div class=\"columns_wrap\">\n\t<div class=\"column-1_2\">\n\t\t<p><span class=\"wpcf7-form-control-wrap\" data-name=\"your-name\"><input size=\"40\" class=\"wpcf7-form-control wpcf7-text wpcf7-validates-as-required\" aria-required=\"true\" aria-invalid=\"false\" placeholder=\"\u30d5\u30a1\u30fc\u30b9\u30c8\u30cd\u30fc\u30e0*\" value=\"\" type=\"text\" name=\"your-name\" \/><\/span>\n\t\t<\/p>\n\t<\/div>\n\t<div class=\"column-1_2\">\n\t\t<p><span class=\"wpcf7-form-control-wrap\" data-name=\"your-last-name\"><input size=\"40\" class=\"wpcf7-form-control wpcf7-text\" aria-invalid=\"false\" placeholder=\"\u82d7\u5b57\" value=\"\" type=\"text\" name=\"your-last-name\" \/><\/span>\n\t\t<\/p>\n\t<\/div>\n\t<div class=\"column-1_2\">\n\t\t<p><span class=\"wpcf7-form-control-wrap\" data-name=\"your-subject\"><input size=\"40\" class=\"wpcf7-form-control wpcf7-text wpcf7-validates-as-required\" aria-required=\"true\" aria-invalid=\"false\" placeholder=\"\u4e3b\u984c*\" value=\"\" type=\"text\" name=\"your-subject\" \/><\/span>\n\t\t<\/p>\n\t<\/div>\n\t<div class=\"column-1_2\">\n\t\t<p><span class=\"wpcf7-form-control-wrap\" data-name=\"your-country\"><input size=\"40\" class=\"wpcf7-form-control wpcf7-text wpcf7-validates-as-required\" aria-required=\"true\" aria-invalid=\"false\" placeholder=\"\u56fd*\" value=\"\" type=\"text\" name=\"your-country\" \/><\/span>\n\t\t<\/p>\n\t<\/div>\n<\/div>\n<div class=\"columns_wrap\">\n\t<div class=\"column-1_1\">\n\t\t<p><span class=\"wpcf7-form-control-wrap\" data-name=\"your-email\"><input size=\"40\" class=\"wpcf7-form-control wpcf7-email wpcf7-validates-as-required wpcf7-text wpcf7-validates-as-email\" aria-required=\"true\" aria-invalid=\"false\" placeholder=\"\u3042\u306a\u305f\u306e\u30e1\u30fc\u30eb\u30a2\u30c9\u30ec\u30b9*\" value=\"\" type=\"email\" name=\"your-email\" \/><\/span>\n\t\t<\/p>\n\t<\/div>\n\t<div class=\"column-1_1\">\n\t\t<p><span class=\"wpcf7-form-control-wrap\" data-name=\"your-message\"><textarea cols=\"40\" rows=\"10\" class=\"wpcf7-form-control wpcf7-textarea\" aria-invalid=\"false\" placeholder=\"\u3042\u306a\u305f\u306e\u30e1\u30c3\u30bb\u30fc\u30b8\" name=\"your-message\"><\/textarea><\/span>\n\t\t<\/p>\n\t<\/div>\n\t<div class=\"column-1_1 pad_top\">\n\t\t<p><span class=\"wpcf7-form-control-wrap\" data-name=\"acceptance-157\"><span class=\"wpcf7-form-control wpcf7-acceptance\"><span class=\"wpcf7-list-item\"><label><input type=\"checkbox\" name=\"acceptance-157\" value=\"1\" aria-invalid=\"false\" \/><span class=\"wpcf7-list-item-label\">\u79c1\u304c\u9001\u4fe1\u3057\u305f\u30c7\u30fc\u30bf\u304c\u53ce\u96c6\u304a\u3088\u3073\u4fdd\u7ba1\u3055\u308c\u308b\u3053\u3068\u306b\u540c\u610f\u3057\u307e\u3059\u3002<a href=\"https:\/\/www.kkart.sk\/gdpr\/\"> GDPR<\/a><\/span><\/label><\/span><\/span><\/span>\n\t\t<\/p>\n\t<\/div>\n<\/div>\n<span class=\"wpcf7-form-control-wrap recaptcha\" data-name=\"recaptcha\"><span data-sitekey=\"6Lct92IeAAAAAALIyZt0T6LItRL_gmA8OR-5rR9x\" class=\"wpcf7-form-control wpcf7-recaptcha g-recaptcha\"><\/span>\r\n<noscript>\r\n\t<div class=\"grecaptcha-noscript\">\r\n\t\t<iframe src=\"https:\/\/www.google.com\/recaptcha\/api\/fallback?k=6Lct92IeAAAAAALIyZt0T6LItRL_gmA8OR-5rR9x\" frameborder=\"0\" scrolling=\"no\" width=\"310\" height=\"430\">\r\n\t\t<\/iframe>\r\n\t\t<textarea name=\"g-recaptcha-response\" rows=\"3\" cols=\"40\" placeholder=\"reCaptcha\u306e\u5fdc\u7b54\u306f\u3053\u3061\u3089\">\r\n\t\t<\/textarea>\r\n\t<\/div>\r\n<\/noscript>\r\n<\/span>\n<p><input class=\"wpcf7-form-control wpcf7-submit has-spinner\" type=\"submit\" value=\"\u30e1\u30c3\u30bb\u30fc\u30b8\u3092\u9001\u4fe1\u3057\u3066\u304f\u3060\u3055\u3044\" \/><br \/>\n<small>\u3053\u306e\u30b5\u30a4\u30c8\u306f reCAPTCHA \u3068 Google \u306b\u3088\u3063\u3066\u4fdd\u8b77\u3055\u308c\u3066\u3044\u307e\u3059<br \/>\n<a href=\"https:\/\/policies.google.com\/privacy\">\u30d7\u30e9\u30a4\u30d0\u30b7\u30fc\u30dd\u30ea\u30b7\u30fc<\/a> \u305d\u3057\u3066 <a href=\"https:\/\/policies.google.com\/terms\"> \u5229\u7528\u898f\u7d04<\/a> \u9069\u7528\u3059\u308b\u3002<br \/>\n<\/small>\n<\/p><div class=\"wpcf7-response-output\" aria-hidden=\"true\"><\/div>\n<input type=\"hidden\" name=\"trp-form-language\" value=\"ja\"\/><\/form>\n<\/div>\n\n\n\t\t<\/div>\n\t<\/div>\n<\/div><\/div><\/div><div class=\"wpb_column vc_column_container vc_col-sm-5 vc_col-md-1 vc_col-xs-1 sc_layouts_column_icons_position_left\"><div class=\"vc_column-inner\"><div class=\"wpb_wrapper\"><\/div><\/div><\/div><\/div><div class=\"vc_empty_space\"   style=\"height: 2em\"><span class=\"vc_empty_space_inner\"><\/span><\/div><div class=\"vc_empty_space  hide_on_desktop hide_on_notebook\"   style=\"height: 2em\"><span class=\"vc_empty_space_inner\"><\/span><\/div><\/div><\/div><\/div><\/div><div class=\"vc_row-full-width vc_clearfix\"><\/div>\n<\/div>","protected":false},"excerpt":{"rendered":"\u4f4f\u6240K-KART spol. s roFi\u013eakovsk\u00e1 41984 01 Lu\u010denec\u3001\u30b9\u30ed\u30d0\u30ad\u30a2\u5171\u548c\u56fd\u30e1\u30fc\u30ebkkart@kkart.sk\u96fb\u8a71 +421 (0)47 43 30 083\u3054\u8cea\u554f\u306f\u3042\u308a\u307e\u3059\u304b\uff1f\u9001\u4fe1\u3057\u305f\u30c7\u30fc\u30bf\u304c\u53ce\u96c6\u3055\u308c\u308b\u3053\u3068\u306b\u540c\u610f\u3057\u307e\u3059\u2026","protected":false},"author":1,"featured_media":0,"parent":0,"menu_order":0,"comment_status":"closed","ping_status":"closed","template":"","meta":{"footnotes":""},"yoast_head":"<!-- This site is optimized with the Yoast SEO plugin v22.4 - https:\/\/yoast.com\/wordpress\/plugins\/seo\/ -->\n<title>Contacts - K KART<\/title>\n<meta name=\"description\" content=\"KART spol. s r.o.Fi\u013eakovsk\u00e1 41984 01 Lu\u010denec, Slovak Republic .... +421 (0)47 43 30 083 .... kkart@kkart.sk\" \/>\n<meta name=\"robots\" content=\"index, follow, max-snippet:-1, max-image-preview:large, max-video-preview:-1\" \/>\n<link rel=\"canonical\" href=\"https:\/\/www.kkart.sk\/ja\/\u9023\u7d61\u5148\/\" \/>\n<meta property=\"og:locale\" content=\"ja_JP\" \/>\n<meta property=\"og:type\" content=\"article\" \/>\n<meta property=\"og:title\" content=\"Contacts - K KART\" \/>\n<meta property=\"og:description\" content=\"KART spol. s r.o.Fi\u013eakovsk\u00e1 41984 01 Lu\u010denec, Slovak Republic .... +421 (0)47 43 30 083 .... kkart@kkart.sk\" \/>\n<meta property=\"og:url\" content=\"https:\/\/www.kkart.sk\/ja\/\u9023\u7d61\u5148\/\" \/>\n<meta property=\"og:site_name\" content=\"K KART\" \/>\n<meta property=\"article:publisher\" content=\"https:\/\/www.facebook.com\/kkartracingproducts\" \/>\n<meta property=\"article:modified_time\" content=\"2022-11-09T16:02:09+00:00\" \/>\n<meta property=\"og:image\" content=\"https:\/\/www.kkart.sk\/wp-content\/uploads\/2020\/02\/cropped-logo_kkart-1.png\" \/>\n\t<meta property=\"og:image:width\" content=\"4725\" \/>\n\t<meta property=\"og:image:height\" content=\"1063\" \/>\n\t<meta property=\"og:image:type\" content=\"image\/png\" \/>\n<meta name=\"twitter:card\" content=\"summary_large_image\" \/>\n<meta name=\"twitter:label1\" content=\"\u63a8\u5b9a\u8aad\u307f\u53d6\u308a\u6642\u9593\" \/>\n\t<meta name=\"twitter:data1\" content=\"3\u5206\" \/>\n<script type=\"application\/ld+json\" class=\"yoast-schema-graph\">{\"@context\":\"https:\/\/schema.org\",\"@graph\":[{\"@type\":\"WebPage\",\"@id\":\"https:\/\/www.kkart.sk\/contacts\/\",\"url\":\"https:\/\/www.kkart.sk\/contacts\/\",\"name\":\"Contacts - K KART\",\"isPartOf\":{\"@id\":\"https:\/\/www.kkart.sk\/#website\"},\"datePublished\":\"2018-04-04T11:43:07+00:00\",\"dateModified\":\"2022-11-09T16:02:09+00:00\",\"description\":\"KART spol. s r.o.Fi\u013eakovsk\u00e1 41984 01 Lu\u010denec, Slovak Republic .... +421 (0)47 43 30 083 .... kkart@kkart.sk\",\"breadcrumb\":{\"@id\":\"https:\/\/www.kkart.sk\/contacts\/#breadcrumb\"},\"inLanguage\":\"ja\",\"potentialAction\":[{\"@type\":\"ReadAction\",\"target\":[\"https:\/\/www.kkart.sk\/contacts\/\"]}]},{\"@type\":\"BreadcrumbList\",\"@id\":\"https:\/\/www.kkart.sk\/contacts\/#breadcrumb\",\"itemListElement\":[{\"@type\":\"ListItem\",\"position\":1,\"name\":\"Home\",\"item\":\"https:\/\/www.kkart.sk\/\"},{\"@type\":\"ListItem\",\"position\":2,\"name\":\"Contacts\"}]},{\"@type\":\"WebSite\",\"@id\":\"https:\/\/www.kkart.sk\/#website\",\"url\":\"https:\/\/www.kkart.sk\/\",\"name\":\"K KART\",\"description\":\"Quality Racing Kart Parts\",\"publisher\":{\"@id\":\"https:\/\/www.kkart.sk\/#organization\"},\"potentialAction\":[{\"@type\":\"SearchAction\",\"target\":{\"@type\":\"EntryPoint\",\"urlTemplate\":\"https:\/\/www.kkart.sk\/?s={search_term_string}\"},\"query-input\":\"required name=search_term_string\"}],\"inLanguage\":\"ja\"},{\"@type\":\"Organization\",\"@id\":\"https:\/\/www.kkart.sk\/#organization\",\"name\":\"KKART\",\"url\":\"https:\/\/www.kkart.sk\/\",\"logo\":{\"@type\":\"ImageObject\",\"inLanguage\":\"ja\",\"@id\":\"https:\/\/www.kkart.sk\/#\/schema\/logo\/image\/\",\"url\":\"https:\/\/www.kkart.sk\/wp-content\/uploads\/2020\/02\/cropped-logo_kkart-3.png\",\"contentUrl\":\"https:\/\/www.kkart.sk\/wp-content\/uploads\/2020\/02\/cropped-logo_kkart-3.png\",\"width\":4449,\"height\":1063,\"caption\":\"KKART\"},\"image\":{\"@id\":\"https:\/\/www.kkart.sk\/#\/schema\/logo\/image\/\"},\"sameAs\":[\"https:\/\/www.facebook.com\/kkartracingproducts\"]}]}<\/script>\n<!-- \/ Yoast SEO plugin. -->","yoast_head_json":{"title":"Contacts - K KART","description":"KART spol. s r.o.Fi\u013eakovsk\u00e1 41984 01 Lu\u010denec, Slovak Republic .... +421 (0)47 43 30 083 .... kkart@kkart.sk","robots":{"index":"index","follow":"follow","max-snippet":"max-snippet:-1","max-image-preview":"max-image-preview:large","max-video-preview":"max-video-preview:-1"},"canonical":"https:\/\/www.kkart.sk\/ja\/\u9023\u7d61\u5148\/","og_locale":"ja_JP","og_type":"article","og_title":"Contacts - K KART","og_description":"KART spol. s r.o.Fi\u013eakovsk\u00e1 41984 01 Lu\u010denec, Slovak Republic .... +421 (0)47 43 30 083 .... kkart@kkart.sk","og_url":"https:\/\/www.kkart.sk\/ja\/\u9023\u7d61\u5148\/","og_site_name":"K KART","article_publisher":"https:\/\/www.facebook.com\/kkartracingproducts","article_modified_time":"2022-11-09T16:02:09+00:00","og_image":[{"width":4725,"height":1063,"url":"https:\/\/www.kkart.sk\/wp-content\/uploads\/2020\/02\/cropped-logo_kkart-1.png","type":"image\/png"}],"twitter_card":"summary_large_image","twitter_misc":{"\u63a8\u5b9a\u8aad\u307f\u53d6\u308a\u6642\u9593":"3\u5206"},"schema":{"@context":"https:\/\/schema.org","@graph":[{"@type":"WebPage","@id":"https:\/\/www.kkart.sk\/contacts\/","url":"https:\/\/www.kkart.sk\/contacts\/","name":"Contacts - K KART","isPartOf":{"@id":"https:\/\/www.kkart.sk\/#website"},"datePublished":"2018-04-04T11:43:07+00:00","dateModified":"2022-11-09T16:02:09+00:00","description":"KART spol. s r.o.Fi\u013eakovsk\u00e1 41984 01 Lu\u010denec, Slovak Republic .... +421 (0)47 43 30 083 .... kkart@kkart.sk","breadcrumb":{"@id":"https:\/\/www.kkart.sk\/contacts\/#breadcrumb"},"inLanguage":"ja","potentialAction":[{"@type":"ReadAction","target":["https:\/\/www.kkart.sk\/contacts\/"]}]},{"@type":"BreadcrumbList","@id":"https:\/\/www.kkart.sk\/contacts\/#breadcrumb","itemListElement":[{"@type":"ListItem","position":1,"name":"Home","item":"https:\/\/www.kkart.sk\/"},{"@type":"ListItem","position":2,"name":"Contacts"}]},{"@type":"WebSite","@id":"https:\/\/www.kkart.sk\/#website","url":"https:\/\/www.kkart.sk\/","name":"K KART","description":"Quality Racing Kart Parts","publisher":{"@id":"https:\/\/www.kkart.sk\/#organization"},"potentialAction":[{"@type":"SearchAction","target":{"@type":"EntryPoint","urlTemplate":"https:\/\/www.kkart.sk\/?s={search_term_string}"},"query-input":"required name=search_term_string"}],"inLanguage":"ja"},{"@type":"Organization","@id":"https:\/\/www.kkart.sk\/#organization","name":"KKART","url":"https:\/\/www.kkart.sk\/","logo":{"@type":"ImageObject","inLanguage":"ja","@id":"https:\/\/www.kkart.sk\/#\/schema\/logo\/image\/","url":"https:\/\/www.kkart.sk\/wp-content\/uploads\/2020\/02\/cropped-logo_kkart-3.png","contentUrl":"https:\/\/www.kkart.sk\/wp-content\/uploads\/2020\/02\/cropped-logo_kkart-3.png","width":4449,"height":1063,"caption":"KKART"},"image":{"@id":"https:\/\/www.kkart.sk\/#\/schema\/logo\/image\/"},"sameAs":["https:\/\/www.facebook.com\/kkartracingproducts"]}]}},"_links":{"self":[{"href":"https:\/\/www.kkart.sk\/ja\/wp-json\/wp\/v2\/pages\/166"}],"collection":[{"href":"https:\/\/www.kkart.sk\/ja\/wp-json\/wp\/v2\/pages"}],"about":[{"href":"https:\/\/www.kkart.sk\/ja\/wp-json\/wp\/v2\/types\/page"}],"author":[{"embeddable":true,"href":"https:\/\/www.kkart.sk\/ja\/wp-json\/wp\/v2\/users\/1"}],"replies":[{"embeddable":true,"href":"https:\/\/www.kkart.sk\/ja\/wp-json\/wp\/v2\/comments?post=166"}],"version-history":[{"count":27,"href":"https:\/\/www.kkart.sk\/ja\/wp-json\/wp\/v2\/pages\/166\/revisions"}],"predecessor-version":[{"id":2604,"href":"https:\/\/www.kkart.sk\/ja\/wp-json\/wp\/v2\/pages\/166\/revisions\/2604"}],"wp:attachment":[{"href":"https:\/\/www.kkart.sk\/ja\/wp-json\/wp\/v2\/media?parent=166"}],"curies":[{"name":"wp","href":"https:\/\/api.w.org\/{rel}","templated":true}]}}