{"id":2121,"date":"2020-07-21T14:40:16","date_gmt":"2020-07-21T14:40:16","guid":{"rendered":"https:\/\/www.kkart.sk\/?post_type=product&#038;p=2121"},"modified":"2020-08-12T06:46:03","modified_gmt":"2020-08-12T06:46:03","slug":"accesories-for-floating-sprocket-holder","status":"publish","type":"product","link":"https:\/\/www.kkart.sk\/ar\/product\/\u0645\u0644\u062d\u0642\u0627\u062a-\u0644\u062d\u0627\u0645\u0644-\u0627\u0644\u0639\u062c\u0644\u0629-\u0627\u0644\u0645\u0633\u0646\u0646\u0629\/","title":{"rendered":"\u0645\u0644\u062d\u0642\u0627\u062a \u0644\u062d\u0627\u0645\u0644 \u0627\u0644\u0639\u062c\u0644\u0629 \u0627\u0644\u0645\u0633\u0646\u0646\u0629"},"content":{"rendered":"<p>\u0645\u0644\u062d\u0642\u0627\u062a \u0644\u062d\u0627\u0645\u0644 \u0627\u0644\u0639\u062c\u0644\u0629 \u0627\u0644\u0645\u0633\u0646\u0646\u0629<\/p>","protected":false},"excerpt":{"rendered":"<table border=\"0\" width=\"92%\">\n<tbody>\n<tr>\n<td class=\"bottom_border\" width=\"34%\"><b>\u0634\u0641\u0631\u0629<\/b><\/td>\n<td class=\"bottom_border\" width=\"65%\"><b>\u0648\u0635\u0641<\/b><\/td>\n<\/tr>\n<tr>\n<td width=\"34%\">KU0636<\/td>\n<td width=\"65%\">\u0627\u0644\u062c\u0632\u0621 \u0627\u0644\u062f\u0627\u062e\u0644\u064a \u00d825\u060c \u00d830\u060c \u00d840\u060c \u00d850<\/td>\n<\/tr>\n<tr>\n<td width=\"34%\">KU0637<\/td>\n<td width=\"65%\">\u0627\u0644\u062c\u0632\u0621 \u0627\u0644\u062e\u0627\u0631\u062c\u064a<\/td>\n<\/tr>\n<tr>\n<td width=\"34%\">KU0638<\/td>\n<td width=\"65%\">\u063a\u0633\u0627\u0644\u0629 \u062e\u0627\u0635\u0629<\/td>\n<\/tr>\n<tr>\n<td width=\"34%\">KU0639<\/td>\n<td width=\"65%\">\u0639\u0634\u064a\u0642<\/td>\n<\/tr>\n<tr>\n<td width=\"34%\">KU0640<\/td>\n<td width=\"65%\">\u062a\u0623\u0645\u064a\u0646<\/td>\n<\/tr>\n<\/tbody>\n<\/table>","protected":false},"featured_media":2122,"template":"","meta":[],"product_cat":[71],"product_tag":[],"yoast_head":"<!-- This site is optimized with the Yoast SEO plugin v22.4 - https:\/\/yoast.com\/wordpress\/plugins\/seo\/ -->\n<title>Accesories for floating sprocket holder - K KART<\/title>\n<meta name=\"robots\" content=\"index, follow, max-snippet:-1, max-image-preview:large, max-video-preview:-1\" \/>\n<link rel=\"canonical\" href=\"https:\/\/www.kkart.sk\/ar\/\u0645\u0646\u062a\u062c\/\u0645\u0644\u062d\u0642\u0627\u062a-\u0644\u062d\u0627\u0645\u0644-\u0627\u0644\u0639\u062c\u0644\u0629-\u0627\u0644\u0645\u0633\u0646\u0646\u0629\/\" \/>\n<meta property=\"og:locale\" content=\"ar_AR\" \/>\n<meta property=\"og:type\" content=\"article\" \/>\n<meta property=\"og:title\" content=\"Accesories for floating sprocket holder - K KART\" \/>\n<meta property=\"og:description\" content=\"Code Description   KU0636 Internal part \u00d825, \u00d830, \u00d840, \u00d850   KU0637 External part   KU0638 Special washer   KU0639 Stud   KU0640 Insurance\" \/>\n<meta property=\"og:url\" content=\"https:\/\/www.kkart.sk\/ar\/\u0645\u0646\u062a\u062c\/\u0645\u0644\u062d\u0642\u0627\u062a-\u0644\u062d\u0627\u0645\u0644-\u0627\u0644\u0639\u062c\u0644\u0629-\u0627\u0644\u0645\u0633\u0646\u0646\u0629\/\" \/>\n<meta property=\"og:site_name\" content=\"K KART\" \/>\n<meta property=\"article:publisher\" content=\"https:\/\/www.facebook.com\/kkartracingproducts\" \/>\n<meta property=\"article:modified_time\" content=\"2020-08-12T06:46:03+00:00\" \/>\n<meta property=\"og:image\" content=\"https:\/\/www.kkart.sk\/wp-content\/uploads\/2020\/07\/Accesories-for-floating-sprocket-holder-scaled.jpg\" \/>\n\t<meta property=\"og:image:width\" content=\"2560\" \/>\n\t<meta property=\"og:image:height\" content=\"1710\" \/>\n\t<meta property=\"og:image:type\" content=\"image\/jpeg\" \/>\n<meta name=\"twitter:card\" content=\"summary_large_image\" \/>\n<script type=\"application\/ld+json\" class=\"yoast-schema-graph\">{\"@context\":\"https:\/\/schema.org\",\"@graph\":[{\"@type\":\"WebPage\",\"@id\":\"https:\/\/www.kkart.sk\/product\/accesories-for-floating-sprocket-holder\/\",\"url\":\"https:\/\/www.kkart.sk\/product\/accesories-for-floating-sprocket-holder\/\",\"name\":\"Accesories for floating sprocket holder - K KART\",\"isPartOf\":{\"@id\":\"https:\/\/www.kkart.sk\/#website\"},\"primaryImageOfPage\":{\"@id\":\"https:\/\/www.kkart.sk\/product\/accesories-for-floating-sprocket-holder\/#primaryimage\"},\"image\":{\"@id\":\"https:\/\/www.kkart.sk\/product\/accesories-for-floating-sprocket-holder\/#primaryimage\"},\"thumbnailUrl\":\"https:\/\/www.kkart.sk\/wp-content\/uploads\/2020\/07\/Accesories-for-floating-sprocket-holder-scaled.jpg\",\"datePublished\":\"2020-07-21T14:40:16+00:00\",\"dateModified\":\"2020-08-12T06:46:03+00:00\",\"breadcrumb\":{\"@id\":\"https:\/\/www.kkart.sk\/product\/accesories-for-floating-sprocket-holder\/#breadcrumb\"},\"inLanguage\":\"ar\",\"potentialAction\":[{\"@type\":\"ReadAction\",\"target\":[\"https:\/\/www.kkart.sk\/product\/accesories-for-floating-sprocket-holder\/\"]}]},{\"@type\":\"ImageObject\",\"inLanguage\":\"ar\",\"@id\":\"https:\/\/www.kkart.sk\/product\/accesories-for-floating-sprocket-holder\/#primaryimage\",\"url\":\"https:\/\/www.kkart.sk\/wp-content\/uploads\/2020\/07\/Accesories-for-floating-sprocket-holder-scaled.jpg\",\"contentUrl\":\"https:\/\/www.kkart.sk\/wp-content\/uploads\/2020\/07\/Accesories-for-floating-sprocket-holder-scaled.jpg\",\"width\":2560,\"height\":1710},{\"@type\":\"BreadcrumbList\",\"@id\":\"https:\/\/www.kkart.sk\/product\/accesories-for-floating-sprocket-holder\/#breadcrumb\",\"itemListElement\":[{\"@type\":\"ListItem\",\"position\":1,\"name\":\"Home\",\"item\":\"https:\/\/www.kkart.sk\/\"},{\"@type\":\"ListItem\",\"position\":2,\"name\":\"Shop\",\"item\":\"https:\/\/www.kkart.sk\/shop\/\"},{\"@type\":\"ListItem\",\"position\":3,\"name\":\"Accesories for floating sprocket holder\"}]},{\"@type\":\"WebSite\",\"@id\":\"https:\/\/www.kkart.sk\/#website\",\"url\":\"https:\/\/www.kkart.sk\/\",\"name\":\"K KART\",\"description\":\"Quality Racing Kart Parts\",\"publisher\":{\"@id\":\"https:\/\/www.kkart.sk\/#organization\"},\"potentialAction\":[{\"@type\":\"SearchAction\",\"target\":{\"@type\":\"EntryPoint\",\"urlTemplate\":\"https:\/\/www.kkart.sk\/?s={search_term_string}\"},\"query-input\":\"required name=search_term_string\"}],\"inLanguage\":\"ar\"},{\"@type\":\"Organization\",\"@id\":\"https:\/\/www.kkart.sk\/#organization\",\"name\":\"KKART\",\"url\":\"https:\/\/www.kkart.sk\/\",\"logo\":{\"@type\":\"ImageObject\",\"inLanguage\":\"ar\",\"@id\":\"https:\/\/www.kkart.sk\/#\/schema\/logo\/image\/\",\"url\":\"https:\/\/www.kkart.sk\/wp-content\/uploads\/2020\/02\/cropped-logo_kkart-3.png\",\"contentUrl\":\"https:\/\/www.kkart.sk\/wp-content\/uploads\/2020\/02\/cropped-logo_kkart-3.png\",\"width\":4449,\"height\":1063,\"caption\":\"KKART\"},\"image\":{\"@id\":\"https:\/\/www.kkart.sk\/#\/schema\/logo\/image\/\"},\"sameAs\":[\"https:\/\/www.facebook.com\/kkartracingproducts\"]}]}<\/script>\n<!-- \/ Yoast SEO plugin. -->","yoast_head_json":{"title":"Accesories for floating sprocket holder - K KART","robots":{"index":"index","follow":"follow","max-snippet":"max-snippet:-1","max-image-preview":"max-image-preview:large","max-video-preview":"max-video-preview:-1"},"canonical":"https:\/\/www.kkart.sk\/ar\/\u0645\u0646\u062a\u062c\/\u0645\u0644\u062d\u0642\u0627\u062a-\u0644\u062d\u0627\u0645\u0644-\u0627\u0644\u0639\u062c\u0644\u0629-\u0627\u0644\u0645\u0633\u0646\u0646\u0629\/","og_locale":"ar_AR","og_type":"article","og_title":"Accesories for floating sprocket holder - K KART","og_description":"Code Description   KU0636 Internal part \u00d825, \u00d830, \u00d840, \u00d850   KU0637 External part   KU0638 Special washer   KU0639 Stud   KU0640 Insurance","og_url":"https:\/\/www.kkart.sk\/ar\/\u0645\u0646\u062a\u062c\/\u0645\u0644\u062d\u0642\u0627\u062a-\u0644\u062d\u0627\u0645\u0644-\u0627\u0644\u0639\u062c\u0644\u0629-\u0627\u0644\u0645\u0633\u0646\u0646\u0629\/","og_site_name":"K KART","article_publisher":"https:\/\/www.facebook.com\/kkartracingproducts","article_modified_time":"2020-08-12T06:46:03+00:00","og_image":[{"width":2560,"height":1710,"url":"https:\/\/www.kkart.sk\/wp-content\/uploads\/2020\/07\/Accesories-for-floating-sprocket-holder-scaled.jpg","type":"image\/jpeg"}],"twitter_card":"summary_large_image","schema":{"@context":"https:\/\/schema.org","@graph":[{"@type":"WebPage","@id":"https:\/\/www.kkart.sk\/product\/accesories-for-floating-sprocket-holder\/","url":"https:\/\/www.kkart.sk\/product\/accesories-for-floating-sprocket-holder\/","name":"Accesories for floating sprocket holder - K KART","isPartOf":{"@id":"https:\/\/www.kkart.sk\/#website"},"primaryImageOfPage":{"@id":"https:\/\/www.kkart.sk\/product\/accesories-for-floating-sprocket-holder\/#primaryimage"},"image":{"@id":"https:\/\/www.kkart.sk\/product\/accesories-for-floating-sprocket-holder\/#primaryimage"},"thumbnailUrl":"https:\/\/www.kkart.sk\/wp-content\/uploads\/2020\/07\/Accesories-for-floating-sprocket-holder-scaled.jpg","datePublished":"2020-07-21T14:40:16+00:00","dateModified":"2020-08-12T06:46:03+00:00","breadcrumb":{"@id":"https:\/\/www.kkart.sk\/product\/accesories-for-floating-sprocket-holder\/#breadcrumb"},"inLanguage":"ar","potentialAction":[{"@type":"ReadAction","target":["https:\/\/www.kkart.sk\/product\/accesories-for-floating-sprocket-holder\/"]}]},{"@type":"ImageObject","inLanguage":"ar","@id":"https:\/\/www.kkart.sk\/product\/accesories-for-floating-sprocket-holder\/#primaryimage","url":"https:\/\/www.kkart.sk\/wp-content\/uploads\/2020\/07\/Accesories-for-floating-sprocket-holder-scaled.jpg","contentUrl":"https:\/\/www.kkart.sk\/wp-content\/uploads\/2020\/07\/Accesories-for-floating-sprocket-holder-scaled.jpg","width":2560,"height":1710},{"@type":"BreadcrumbList","@id":"https:\/\/www.kkart.sk\/product\/accesories-for-floating-sprocket-holder\/#breadcrumb","itemListElement":[{"@type":"ListItem","position":1,"name":"Home","item":"https:\/\/www.kkart.sk\/"},{"@type":"ListItem","position":2,"name":"Shop","item":"https:\/\/www.kkart.sk\/shop\/"},{"@type":"ListItem","position":3,"name":"Accesories for floating sprocket holder"}]},{"@type":"WebSite","@id":"https:\/\/www.kkart.sk\/#website","url":"https:\/\/www.kkart.sk\/","name":"K KART","description":"Quality Racing Kart Parts","publisher":{"@id":"https:\/\/www.kkart.sk\/#organization"},"potentialAction":[{"@type":"SearchAction","target":{"@type":"EntryPoint","urlTemplate":"https:\/\/www.kkart.sk\/?s={search_term_string}"},"query-input":"required name=search_term_string"}],"inLanguage":"ar"},{"@type":"Organization","@id":"https:\/\/www.kkart.sk\/#organization","name":"KKART","url":"https:\/\/www.kkart.sk\/","logo":{"@type":"ImageObject","inLanguage":"ar","@id":"https:\/\/www.kkart.sk\/#\/schema\/logo\/image\/","url":"https:\/\/www.kkart.sk\/wp-content\/uploads\/2020\/02\/cropped-logo_kkart-3.png","contentUrl":"https:\/\/www.kkart.sk\/wp-content\/uploads\/2020\/02\/cropped-logo_kkart-3.png","width":4449,"height":1063,"caption":"KKART"},"image":{"@id":"https:\/\/www.kkart.sk\/#\/schema\/logo\/image\/"},"sameAs":["https:\/\/www.facebook.com\/kkartracingproducts"]}]}},"tiered_pricing_type":"fixed","tiered_pricing_fixed_rules":[],"_links":{"self":[{"href":"https:\/\/www.kkart.sk\/ar\/wp-json\/wp\/v2\/product\/2121"}],"collection":[{"href":"https:\/\/www.kkart.sk\/ar\/wp-json\/wp\/v2\/product"}],"about":[{"href":"https:\/\/www.kkart.sk\/ar\/wp-json\/wp\/v2\/types\/product"}],"wp:featuredmedia":[{"embeddable":true,"href":"https:\/\/www.kkart.sk\/ar\/wp-json\/wp\/v2\/media\/2122"}],"wp:attachment":[{"href":"https:\/\/www.kkart.sk\/ar\/wp-json\/wp\/v2\/media?parent=2121"}],"wp:term":[{"taxonomy":"product_cat","embeddable":true,"href":"https:\/\/www.kkart.sk\/ar\/wp-json\/wp\/v2\/product_cat?post=2121"},{"taxonomy":"product_tag","embeddable":true,"href":"https:\/\/www.kkart.sk\/ar\/wp-json\/wp\/v2\/product_tag?post=2121"}],"curies":[{"name":"wp","href":"https:\/\/api.w.org\/{rel}","templated":true}]}}